{"id":156,"date":"2018-09-28T09:47:56","date_gmt":"2018-09-28T09:47:56","guid":{"rendered":"https:\/\/waldorfkindergarten-wedel.de\/?page_id=156"},"modified":"2018-09-28T09:49:01","modified_gmt":"2018-09-28T09:49:01","slug":"zimtwecken","status":"publish","type":"page","link":"https:\/\/waldorfkindergarten-wedel.de\/index.php\/zimtwecken\/","title":{"rendered":"Zimtwecken"},"content":{"rendered":"<p class=\"Standa\" align=\"center\"><span style=\"font-size: 10pt; font-family: comic sans ms, sans-serif;\">Backen in der Sonnengruppe<\/span><\/p>\n<p class=\"Standa\"><span style=\"font-size: 10pt; font-family: comic sans ms, sans-serif;\">500 g Mehl<\/span><\/p>\n<p class=\"Standa\"><span style=\"font-size: 10pt; font-family: comic sans ms, sans-serif;\">1 Priese Salz<\/span><\/p>\n<p class=\"Standa\"><span style=\"font-size: 10pt; font-family: comic sans ms, sans-serif;\">50 g Zucker<\/span><\/p>\n<p class=\"Standa\"><span style=\"font-size: 10pt; font-family: comic sans ms, sans-serif;\">1 P\u00e4ckchen Hefe<\/span><\/p>\n<p class=\"Standa\"><span style=\"font-size: 10pt; font-family: comic sans ms, sans-serif;\">80 g Butter<\/span><\/p>\n<p class=\"Standa\"><span style=\"font-size: 10pt; font-family: comic sans ms, sans-serif;\">250 ml Milch<\/span><\/p>\n<p class=\"Standa\"><span style=\"font-size: 10pt; font-family: comic sans ms, sans-serif;\">Die Butter bei niedriger Temperatur im Topf schmelzen, dann die Milch hinzu geben und mit erw\u00e4rmen. Das Mehl, Salz, Zucker und die Hefe in die Teigsch\u00fcssel und die Milch mit der Butter dazu gie\u00dfen. Den Teig kneten und unter einem Tuch abgedeckt eine Stunde ruhen lassen \u2013 geht auch ohne Ruhen, dann aber 2 Pck. Hefe.<\/span><\/p>\n<p class=\"Standa\"><span style=\"font-size: 10pt; font-family: comic sans ms, sans-serif;\">Den Ofen vorheizen, den Teig zu Schnecken kneten und die Schnecken mit Zimt und Zucker bestreuen. Die Schnecken bei ca. 180\u00b0 backen.<\/span><\/p>\n<p class=\"fett\"><span style=\"font-size: 10pt; font-family: comic sans ms, sans-serif;\">Br\u00f6tchen :<\/span><\/p>\n<p class=\"Standa\"><span style=\"font-size: 10pt; font-family: comic sans ms, sans-serif;\">Ca. 1000 g Mehl<\/span><\/p>\n<p class=\"Standa\"><span style=\"font-size: 10pt; font-family: comic sans ms, sans-serif;\">Ca. 1l Wasser<\/span><\/p>\n<p class=\"Standa\"><span style=\"font-size: 10pt; font-family: comic sans ms, sans-serif;\">1 P\u00e4ckchen Hefe<\/span><\/p>\n<p class=\"Standa\"><span style=\"font-size: 10pt; font-family: comic sans ms, sans-serif;\">1 Essl\u00f6ffel Brotgew\u00fcrz<\/span><\/p>\n<p class=\"Standa\"><span style=\"font-size: 10pt; font-family: comic sans ms, sans-serif;\">1 Essl\u00f6ffel Salz<\/span><\/p>\n<p class=\"Standa\"><span style=\"font-size: 10pt; font-family: comic sans ms, sans-serif;\">einen Schuss \u00d6l<\/span><\/p>\n<p class=\"Standa\"><span style=\"font-size: 10pt; font-family: comic sans ms, sans-serif;\">Alle Zutaten in eine R\u00fchrsch\u00fcssel geben, verr\u00fchren und 24 im K\u00fchlschrank stehen lassen. Am n\u00e4chsten Tag so viel Mehl hinzuf\u00fcgen, dass man den Teig gut kneten kann, ohne dass er an den H\u00e4nden kleben bleibt. Die Br\u00f6tchen formen, auf Backblech legen und mit Butterwasser bestreichen. Wenn man mag kann man die Br\u00f6tchen mit K\u00f6rnern bestreuen und in dem vorgeheizten Backofen bei ca. 200\u00b0 backen. Man kann eine kl. Hitzebest\u00e4ndige Sch\u00fcssel mit Wasser in den Ofen stellen \u2013 f\u00fcr Wasserdampf- nach ca. 10 min. kann man die Br\u00f6tchen noch einmal mit dem Butterwasser bestreichen. Die Br\u00f6tchen sind fertig, wenn sie hohl klingen, wenn man unten gegen klopft.<\/span><\/p>\n<p class=\"fett\"><span style=\"font-size: 10pt; font-family: comic sans ms, sans-serif;\">Kuchen :<\/span><\/p>\n<p class=\"Standa\"><span style=\"font-size: 10pt; font-family: comic sans ms, sans-serif;\">3 Teile Mehl<\/span><\/p>\n<p class=\"Standa\"><span style=\"font-size: 10pt; font-family: comic sans ms, sans-serif;\">1 Teil Zucker<\/span><\/p>\n<p class=\"Standa\"><span style=\"font-size: 10pt; font-family: comic sans ms, sans-serif;\">1 Teil \u00d6l oder Butter<\/span><\/p>\n<p class=\"Standa\"><span style=\"font-size: 10pt; font-family: comic sans ms, sans-serif;\">1 Teil Selterwasser<\/span><\/p>\n<p class=\"Standa\"><span style=\"font-size: 10pt; font-family: comic sans ms, sans-serif;\">1 P\u00e4ckchen Backpulver<\/span><\/p>\n<p class=\"Standa\"><span style=\"font-size: 10pt; font-family: comic sans ms, sans-serif;\">1 Priese Salz<\/span><\/p>\n<p class=\"Standa\"><span style=\"font-size: 10pt; font-family: comic sans ms, sans-serif;\">4 Eier<\/span><\/p>\n<p class=\"Standa\"><span style=\"font-size: 10pt; font-family: comic sans ms, sans-serif;\">1 P\u00e4ckchen Schokoraspel<\/span><\/p>\n<p class=\"Standa\"><span style=\"font-size: 10pt; font-family: comic sans ms, sans-serif;\">Alle Zutaten verr\u00fchren, die Backform mit Butter einreiben, mit Gries bestreuen und den Teig in die Backform geben. Den Backofen vorheizen und den Kuchen bei ca. 180\u00b0 backen.<\/span><\/p>\n","protected":false},"excerpt":{"rendered":"<p>Backen in der Sonnengruppe 500 g Mehl 1 Priese Salz 50 g Zucker 1 P\u00e4ckchen Hefe 80 g Butter 250 ml Milch Die Butter bei niedriger Temperatur im&#8230;<\/p>\n","protected":false},"author":4,"featured_media":0,"parent":0,"menu_order":0,"comment_status":"closed","ping_status":"closed","template":"","meta":{"footnotes":""},"class_list":["post-156","page","type-page","status-publish","hentry"],"_links":{"self":[{"href":"https:\/\/waldorfkindergarten-wedel.de\/index.php\/wp-json\/wp\/v2\/pages\/156","targetHints":{"allow":["GET"]}}],"collection":[{"href":"https:\/\/waldorfkindergarten-wedel.de\/index.php\/wp-json\/wp\/v2\/pages"}],"about":[{"href":"https:\/\/waldorfkindergarten-wedel.de\/index.php\/wp-json\/wp\/v2\/types\/page"}],"author":[{"embeddable":true,"href":"https:\/\/waldorfkindergarten-wedel.de\/index.php\/wp-json\/wp\/v2\/users\/4"}],"replies":[{"embeddable":true,"href":"https:\/\/waldorfkindergarten-wedel.de\/index.php\/wp-json\/wp\/v2\/comments?post=156"}],"version-history":[{"count":2,"href":"https:\/\/waldorfkindergarten-wedel.de\/index.php\/wp-json\/wp\/v2\/pages\/156\/revisions"}],"predecessor-version":[{"id":159,"href":"https:\/\/waldorfkindergarten-wedel.de\/index.php\/wp-json\/wp\/v2\/pages\/156\/revisions\/159"}],"wp:attachment":[{"href":"https:\/\/waldorfkindergarten-wedel.de\/index.php\/wp-json\/wp\/v2\/media?parent=156"}],"curies":[{"name":"wp","href":"https:\/\/api.w.org\/{rel}","templated":true}]}}