{"id":165,"date":"2018-09-28T09:58:18","date_gmt":"2018-09-28T09:58:18","guid":{"rendered":"https:\/\/waldorfkindergarten-wedel.de\/?page_id=165"},"modified":"2018-09-28T10:00:09","modified_gmt":"2018-09-28T10:00:09","slug":"lauch-karotten-kuchen","status":"publish","type":"page","link":"https:\/\/waldorfkindergarten-wedel.de\/index.php\/lauch-karotten-kuchen\/","title":{"rendered":"Lauch-Karotten Kuchen"},"content":{"rendered":"<p><u>Zutaten f\u00fcr 1 Blech:<\/u><\/p>\n<p>&nbsp;<\/p>\n<p>Teig:<\/p>\n<p>300g Dinkelmehl<\/p>\n<p>\u00bd T\u00fcte Hefe<\/p>\n<p>175ml Wasser<\/p>\n<p>\u00bd TL Zitronensaft<\/p>\n<p>100g Butter<\/p>\n<p>\u00bd TL Salz<\/p>\n<p>&nbsp;<\/p>\n<p>Belag:<\/p>\n<p>Oliven\u00f6l<\/p>\n<p>Salz<\/p>\n<p>500g Karotten<\/p>\n<p>500g Lauch<\/p>\n<p>\u00bd TL Thymian<\/p>\n<p><strong>\u00a0<\/strong><\/p>\n<p>Guss:<\/p>\n<p>300g Saure Sahne<\/p>\n<p>2 \u00bd EL Reismehl<\/p>\n<p>3 Eier<\/p>\n<p>\u00bd Bd. Petersilie, gehackt<\/p>\n<p>1 gestr. TL Salz<\/p>\n<p>&nbsp;<\/p>\n<p>200g geriebener K\u00e4se<\/p>\n<p><strong>\u00a0<\/strong><\/p>\n<p><strong>\u00a0<\/strong><\/p>\n<p><u>Zubereitung:<\/u><\/p>\n<p>&nbsp;<\/p>\n<p>Mehl in eine Sch\u00fcssel geben und in die Mitte eine Vertiefung machen. Hefe, Wasser und Zitronensaft vermischen, in die Mitte vom Mehl geben und etwas verr\u00fchren. Die Butter in d\u00fcnnen Scheibchen auf den Vorteig legen und mit dem Salz bestreuen. Den Vorteig mind. 15 Min. gehen lassen. Dann den Teig verr\u00fchren und kurz mit der Hand kneten.<\/p>\n<p>Den Teig flach 1 Std. in den K\u00fchlschrank stellen.<\/p>\n<p>&nbsp;<\/p>\n<p>F\u00fcr den Belag die Karotten grob raspeln, den Lauch kleinschneiden und mit \u00d6l und Salz in einer Pfanne mit Deckel erhitzen, dann 10 Min. d\u00fcnsten.<\/p>\n<p>&nbsp;<\/p>\n<p>Den Backofen auf 190\u00b0C (Umluft) vorheizen.<\/p>\n<p>&nbsp;<\/p>\n<p>Den Teig auf einem Blech ausrollen, mit einer Gabel L\u00f6cher einstechen.<\/p>\n<p>Das Gem\u00fcse mit Thymian w\u00fcrzen, abschmecken, abgie\u00dfen (die Fl\u00fcssigkeit auffangen) und auf dem Teig verteilen.<\/p>\n<p>&nbsp;<\/p>\n<p>15 Min. bei 190\u00b0C (Umluft) backen.<\/p>\n<p>&nbsp;<\/p>\n<p>F\u00fcr den Guss die Saure Sahne mit dem frisch gemahlenen Reismehl, den Eiern und der Gem\u00fcsefl\u00fcssigkeit vermischen.<\/p>\n<p>Petersilie und Salz unterr\u00fchren.<\/p>\n<p>&nbsp;<\/p>\n<p>Den Guss \u00fcber das Gem\u00fcse gie\u00dfen und weitere 15 Min. bei 175\u00b0C (Umluft) backen.<\/p>\n<p>&nbsp;<\/p>\n<p>Den geriebenen K\u00e4se dar\u00fcber streuen und letztmalig 10 Min. bei 180-200\u00b0C weiter backen.<\/p>\n","protected":false},"excerpt":{"rendered":"<p>Zutaten f\u00fcr 1 Blech: &nbsp; Teig: 300g Dinkelmehl \u00bd T\u00fcte Hefe 175ml Wasser \u00bd TL Zitronensaft 100g Butter \u00bd TL Salz &nbsp; Belag: Oliven\u00f6l Salz 500g Karotten 500g&#8230;<\/p>\n","protected":false},"author":4,"featured_media":0,"parent":0,"menu_order":0,"comment_status":"closed","ping_status":"closed","template":"","meta":{"footnotes":""},"class_list":["post-165","page","type-page","status-publish","hentry"],"_links":{"self":[{"href":"https:\/\/waldorfkindergarten-wedel.de\/index.php\/wp-json\/wp\/v2\/pages\/165","targetHints":{"allow":["GET"]}}],"collection":[{"href":"https:\/\/waldorfkindergarten-wedel.de\/index.php\/wp-json\/wp\/v2\/pages"}],"about":[{"href":"https:\/\/waldorfkindergarten-wedel.de\/index.php\/wp-json\/wp\/v2\/types\/page"}],"author":[{"embeddable":true,"href":"https:\/\/waldorfkindergarten-wedel.de\/index.php\/wp-json\/wp\/v2\/users\/4"}],"replies":[{"embeddable":true,"href":"https:\/\/waldorfkindergarten-wedel.de\/index.php\/wp-json\/wp\/v2\/comments?post=165"}],"version-history":[{"count":2,"href":"https:\/\/waldorfkindergarten-wedel.de\/index.php\/wp-json\/wp\/v2\/pages\/165\/revisions"}],"predecessor-version":[{"id":168,"href":"https:\/\/waldorfkindergarten-wedel.de\/index.php\/wp-json\/wp\/v2\/pages\/165\/revisions\/168"}],"wp:attachment":[{"href":"https:\/\/waldorfkindergarten-wedel.de\/index.php\/wp-json\/wp\/v2\/media?parent=165"}],"curies":[{"name":"wp","href":"https:\/\/api.w.org\/{rel}","templated":true}]}}