{"id":19,"date":"2018-09-06T11:43:12","date_gmt":"2018-09-06T11:43:12","guid":{"rendered":"https:\/\/waldorfkindergarten-wedel.de\/?page_id=19"},"modified":"2026-04-30T20:54:20","modified_gmt":"2026-04-30T19:54:20","slug":"der-waldorfkindergarten","status":"publish","type":"page","link":"https:\/\/waldorfkindergarten-wedel.de\/","title":{"rendered":"Der Waldorfkindergarten"},"content":{"rendered":"<p style=\"text-align: center;\"><span style=\"font-size: 10pt;\"><img loading=\"lazy\" decoding=\"async\" class=\"aligncenter size-large wp-image-496\" src=\"https:\/\/waldorfkindergarten-wedel.de\/wp-content\/uploads\/2026\/02\/Screenshot-2026-02-23-at-14.23.24-e1771853207692-720x1024.png\" alt=\"\" width=\"620\" height=\"882\" srcset=\"https:\/\/waldorfkindergarten-wedel.de\/wp-content\/uploads\/2026\/02\/Screenshot-2026-02-23-at-14.23.24-e1771853207692-720x1024.png 720w, https:\/\/waldorfkindergarten-wedel.de\/wp-content\/uploads\/2026\/02\/Screenshot-2026-02-23-at-14.23.24-e1771853207692-211x300.png 211w, https:\/\/waldorfkindergarten-wedel.de\/wp-content\/uploads\/2026\/02\/Screenshot-2026-02-23-at-14.23.24-e1771853207692-768x1092.png 768w, https:\/\/waldorfkindergarten-wedel.de\/wp-content\/uploads\/2026\/02\/Screenshot-2026-02-23-at-14.23.24-e1771853207692-1081x1536.png 1081w, https:\/\/waldorfkindergarten-wedel.de\/wp-content\/uploads\/2026\/02\/Screenshot-2026-02-23-at-14.23.24-e1771853207692-1441x2048.png 1441w, https:\/\/waldorfkindergarten-wedel.de\/wp-content\/uploads\/2026\/02\/Screenshot-2026-02-23-at-14.23.24-e1771853207692-973x1383.png 973w, https:\/\/waldorfkindergarten-wedel.de\/wp-content\/uploads\/2026\/02\/Screenshot-2026-02-23-at-14.23.24-e1771853207692-508x722.png 508w, https:\/\/waldorfkindergarten-wedel.de\/wp-content\/uploads\/2026\/02\/Screenshot-2026-02-23-at-14.23.24-e1771853207692.png 1673w\" sizes=\"auto, (max-width: 620px) 100vw, 620px\" \/><br \/>\n&#8222;Jede Erziehung ist Selbsterziehung, und wir sind eigentlich als Lehrer und Erzieher nur die Umgebung des sich selbst erziehenden Kindes. Wir m\u00fcssen die g\u00fcnstigste Umgebung abgeben, damit an uns das Kind sich so erzieht, wie es sich durch sein inneres Schicksal erziehen muss.&#8220;<\/span><\/p>\n<p class=\"autor\"><span style=\"font-size: 10pt;\">Rudolf Steiner<\/span><\/p>\n<p>&nbsp;<\/p>\n<p class=\"bodytext\"><span style=\"font-size: 20pt;\">Wir in Wedel<\/span><\/p>\n<p class=\"zitat\"><span style=\"font-size: 10pt;\">&#8222;Nichts ist Verstand, was nicht vorher in den Sinnen war.&#8220;<\/span><\/p>\n<p class=\"autor\"><span style=\"font-size: 10pt;\">John Locke, 17.Jh.<\/span><\/p>\n<p>&nbsp;<\/p>\n<p class=\"bodytext\"><span style=\"font-size: 10pt;\">In engem Zusammenwirken mit den Eltern wollen wir Kindern vom \u00dcbergang aus dem famili\u00e4ren Umfeld bis hin zur Schulreife eine soziale H\u00fclle bilden, in der sie ihre individuellen Kr\u00e4fte und Entwicklungsm\u00f6glichkeiten zur Entfaltung bringen k\u00f6nnen.<\/span><\/p>\n<p class=\"bodytext\"><span style=\"font-size: 10pt;\">Unsere Erziehungsaufgabe stellen wir uns aufgrund der Beobachtung, dass die Kr\u00e4fte der Kindheit in immer st\u00e4rkerem Ma\u00dfe bedroht und gef\u00e4hrdet sind. Der wachsenden Entfremdung nat\u00fcrlicher Lebensurspr\u00fcnge, dem zunehmenden Werte- und Orientierungsverlust sowie der gro\u00dfen Verunsicherung gegen\u00fcber Erziehungsfragen wirken wir durch die besondere Art unserer P\u00e4dagogik entgegen.<\/span><\/p>\n<p class=\"bodytext\"><span style=\"font-size: 10pt;\">Ziel unserer Erziehung ist es, den notwendigen Schutzraum zu schaffen, damit sich Kindheit ihren eigenen Entwicklungsgesetzen gem\u00e4\u00df frei entfalten und bestimmen kann. Wir wollen den Forderungen der Zeit gerecht werden, ohne dabei das Wohl des Kindes und die daraus entstehende Verantwortung f\u00fcr dessen ganzen Lebenslauf aus den Augen zu verlieren. Entwicklung und St\u00e4rkung von Liebef\u00e4higkeit als auch Verantwortungsbewu\u00dftsein gegen\u00fcber der gesamten Sch\u00f6pfung sind Grundmaximen dieser Erziehung.<\/span><\/p>\n<p class=\"bodytext\"><span style=\"font-size: 10pt;\">Die Grundlage der erzieherischen Arbeit am Kinde bildet die Waldorfp\u00e4dagogik, die aus dem Menschenbild der Anthroposophie Rudolf Steiners hervorgeht. Diese ist nicht Inhalt der Erziehung, wohl aber Impuls und Orientierungshilfe der methodisch-didaktischen Arbeit. Sie sieht im Menschen einen sich leiblich, seelisch und geistig Entwickelnden, dessen Individualit\u00e4t einzigartig ist, und die es gerade im Kindesalter besonders zu sch\u00fctzen gilt.<\/span><\/p>\n","protected":false},"excerpt":{"rendered":"<p>&#8222;Jede Erziehung ist Selbsterziehung, und wir sind eigentlich als Lehrer und Erzieher nur die Umgebung des sich selbst erziehenden Kindes. Wir m\u00fcssen die g\u00fcnstigste Umgebung abgeben, damit an&#8230;<\/p>\n","protected":false},"author":4,"featured_media":0,"parent":0,"menu_order":0,"comment_status":"closed","ping_status":"closed","template":"","meta":{"footnotes":""},"class_list":["post-19","page","type-page","status-publish","hentry"],"_links":{"self":[{"href":"https:\/\/waldorfkindergarten-wedel.de\/index.php\/wp-json\/wp\/v2\/pages\/19","targetHints":{"allow":["GET"]}}],"collection":[{"href":"https:\/\/waldorfkindergarten-wedel.de\/index.php\/wp-json\/wp\/v2\/pages"}],"about":[{"href":"https:\/\/waldorfkindergarten-wedel.de\/index.php\/wp-json\/wp\/v2\/types\/page"}],"author":[{"embeddable":true,"href":"https:\/\/waldorfkindergarten-wedel.de\/index.php\/wp-json\/wp\/v2\/users\/4"}],"replies":[{"embeddable":true,"href":"https:\/\/waldorfkindergarten-wedel.de\/index.php\/wp-json\/wp\/v2\/comments?post=19"}],"version-history":[{"count":21,"href":"https:\/\/waldorfkindergarten-wedel.de\/index.php\/wp-json\/wp\/v2\/pages\/19\/revisions"}],"predecessor-version":[{"id":507,"href":"https:\/\/waldorfkindergarten-wedel.de\/index.php\/wp-json\/wp\/v2\/pages\/19\/revisions\/507"}],"wp:attachment":[{"href":"https:\/\/waldorfkindergarten-wedel.de\/index.php\/wp-json\/wp\/v2\/media?parent=19"}],"curies":[{"name":"wp","href":"https:\/\/api.w.org\/{rel}","templated":true}]}}