{"id":25,"date":"2018-09-06T11:45:15","date_gmt":"2018-09-06T11:45:15","guid":{"rendered":"https:\/\/waldorfkindergarten-wedel.de\/?page_id=25"},"modified":"2026-02-13T22:23:56","modified_gmt":"2026-02-13T21:23:56","slug":"jahresvorschau","status":"publish","type":"page","link":"https:\/\/waldorfkindergarten-wedel.de\/index.php\/aktuelles\/jahresvorschau\/","title":{"rendered":"Jahres\u00fcberblick:"},"content":{"rendered":"<p><strong>2026<\/strong><\/p>\n<p><strong>Januar<\/strong><\/p>\n<p>02.01.2026 \u00a0 \u00a0 \u00a0 \u00a0 \u00a0 \u00a0 \u00a0 \u00a0 \u00a0Feriengruppe<\/p>\n<p>05.01.2026 \u00a0 \u00a0 \u00a0 \u00a0 \u00a0 \u00a0 \u00a0 \u00a0 \u00a0Regul\u00e4rer Kindergartenbeginn<\/p>\n<p style=\"font-weight: 400;\"><strong>Februar<\/strong><\/p>\n<p style=\"font-weight: 400;\">Mo. 09.02.2026 \u00a0 \u00a0 \u00a0 \u00a0 Gesamtelternabend<\/p>\n<p style=\"font-weight: 400;\"><strong>M\u00e4rz<\/strong><\/p>\n<p style=\"font-weight: 400;\">Mo. 16.02.2026\u00a0\u00a0\u00a0\u00a0\u00a0\u00a0\u00a0\u00a0\u00a0 Fasching in der Regenbogen-, Sternen und Sonnengruppe Zwergenfest in der Wichtelgruppe<\/p>\n<p style=\"font-weight: 400;\">Sa. 14.03.2026 \u00a0 \u00a0 \u00a0 \u00a0 \u00a0 \u00a0Gemeinschaftstag<br \/>\n(Ca. 10 -13 Uhr)<\/p>\n<p style=\"font-weight: 400;\">Ende M\u00e4rz\/ \u00a0 \u00a0 \u00a0 \u00a0 \u00a0 \u00a0 \u00a0 \u00a0 Getreide Aussaat f\u00fcr die Sonnen- und<br \/>\nAnfang April. \u00a0 \u00a0 \u00a0 \u00a0 \u00a0 \u00a0 \u00a0Sternengruppe bei Bauer Sch\u00fcmann<\/p>\n<p style=\"font-weight: 400;\"><strong>April<\/strong><\/p>\n<p style=\"font-weight: 400;\">30.03.-10.04.2026 \u00a0 \u00a0Osterferien mit Feriengruppen<\/p>\n<p style=\"font-weight: 400;\">Mo. 20.04.2026\u00a0\u00a0\u00a0\u00a0\u00a0\u00a0\u00a0\u00a0 Gesamtelternabend \u201eSpiel\u201c<\/p>\n<p style=\"font-weight: 400;\"><strong>Mai<\/strong><\/p>\n<p style=\"font-weight: 400;\">Fr. 15.05.2026 \u00a0\u00a0\u00a0\u00a0\u00a0\u00a0\u00a0\u00a0\u00a0\u00a0 Himmelfahrt mit Feriengruppe<\/p>\n<p style=\"font-weight: 400;\"><strong>Juni<\/strong><\/p>\n<p style=\"font-weight: 400;\">Sa. 06.06.2026\u00a0\u00a0\u00a0\u00a0\u00a0\u00a0\u00a0\u00a0\u00a0 Sommerfest<\/p>\n<p style=\"font-weight: 400;\"><strong>Juli<\/strong><\/p>\n<p style=\"font-weight: 400;\">Do. 02.07.2026\u00a0\u00a0\u00a0\u00a0\u00a0\u00a0\u00a0\u00a0\u00a0 K\u00f6nigskindabschluss mit den Eltern der K\u00f6nigskinder<br \/>\n(Ca. 10 Uhr)<\/p>\n<p style=\"font-weight: 400;\">27.07.- 14.08.2026 \u00a0 \u00a0Schlie\u00dfzeit Sommerferien<\/p>\n<p>&nbsp;<\/p>\n<p>Es folgen weitere Informationen \/ Einladungen \u00fcber Aush\u00e4nge, E-Mail und Sie k\u00f6nnen in den Gruppenmappen nachschauen.<\/p>\n<p>Angegeben ist jeweils der erste und der letzte Ferien-\/ Schlie\u00dftag.<\/p>\n<p>Wichtig: Um die Betreuung in den Feriengruppen optimal gestalten zu k\u00f6nnen, sind wir auf rechtzeitige und verbindliche Anmeldungen angewiesen. Bitte beachten Sie daher unbedingt die angegebenen Anmeldefristen. Danke!<\/p>\n","protected":false},"excerpt":{"rendered":"<p>2026 Januar 02.01.2026 \u00a0 \u00a0 \u00a0 \u00a0 \u00a0 \u00a0 \u00a0 \u00a0 \u00a0Feriengruppe 05.01.2026 \u00a0 \u00a0 \u00a0 \u00a0 \u00a0 \u00a0 \u00a0 \u00a0 \u00a0Regul\u00e4rer Kindergartenbeginn Februar Mo. 09.02.2026 \u00a0 \u00a0&#8230;<\/p>\n","protected":false},"author":4,"featured_media":0,"parent":21,"menu_order":0,"comment_status":"closed","ping_status":"closed","template":"","meta":{"footnotes":""},"class_list":["post-25","page","type-page","status-publish","hentry"],"_links":{"self":[{"href":"https:\/\/waldorfkindergarten-wedel.de\/index.php\/wp-json\/wp\/v2\/pages\/25","targetHints":{"allow":["GET"]}}],"collection":[{"href":"https:\/\/waldorfkindergarten-wedel.de\/index.php\/wp-json\/wp\/v2\/pages"}],"about":[{"href":"https:\/\/waldorfkindergarten-wedel.de\/index.php\/wp-json\/wp\/v2\/types\/page"}],"author":[{"embeddable":true,"href":"https:\/\/waldorfkindergarten-wedel.de\/index.php\/wp-json\/wp\/v2\/users\/4"}],"replies":[{"embeddable":true,"href":"https:\/\/waldorfkindergarten-wedel.de\/index.php\/wp-json\/wp\/v2\/comments?post=25"}],"version-history":[{"count":50,"href":"https:\/\/waldorfkindergarten-wedel.de\/index.php\/wp-json\/wp\/v2\/pages\/25\/revisions"}],"predecessor-version":[{"id":494,"href":"https:\/\/waldorfkindergarten-wedel.de\/index.php\/wp-json\/wp\/v2\/pages\/25\/revisions\/494"}],"up":[{"embeddable":true,"href":"https:\/\/waldorfkindergarten-wedel.de\/index.php\/wp-json\/wp\/v2\/pages\/21"}],"wp:attachment":[{"href":"https:\/\/waldorfkindergarten-wedel.de\/index.php\/wp-json\/wp\/v2\/media?parent=25"}],"curies":[{"name":"wp","href":"https:\/\/api.w.org\/{rel}","templated":true}]}}