{"id":33,"date":"2018-09-06T11:48:16","date_gmt":"2018-09-06T11:48:16","guid":{"rendered":"https:\/\/waldorfkindergarten-wedel.de\/?page_id=33"},"modified":"2018-09-06T11:48:16","modified_gmt":"2018-09-06T11:48:16","slug":"buecherei","status":"publish","type":"page","link":"https:\/\/waldorfkindergarten-wedel.de\/index.php\/internes\/buecherei\/","title":{"rendered":"B\u00fccherei"},"content":{"rendered":"<p><span style=\"font-size: 10pt; font-family: comic sans ms, sans-serif;\">Unsere Bibliothek wird von den Eltern organisiert und betreut. Es besteht die M\u00f6glichkeit Sachb\u00fccher zu Erziehungsfragen, B\u00fccher zur Waldorfp\u00e4dagogik und Anthroposophie sowie Bilderb\u00fccher, M\u00e4rchen- und Vorleseb\u00fccher auszuleihen.<\/span><\/p>\n<p><span style=\"font-size: 10pt; font-family: comic sans ms, sans-serif;\">\u00d6ffnungszeiten:<\/span><\/p>\n<p><span style=\"font-size: 10pt; font-family: comic sans ms, sans-serif;\">Dienstags von 8 &#8211; 8.30 Uhr<\/span><\/p>\n<p><span style=\"font-size: 10pt; font-family: comic sans ms, sans-serif;\">Freitags von 8 &#8211; 8.30 Uhr<\/span><\/p>\n<p><span style=\"font-size: 10pt; font-family: comic sans ms, sans-serif;\">R\u00fcckgabe der B\u00fccher au\u00dferhalb der \u00d6ffnungszeiten<\/span><\/p>\n<p><span style=\"font-size: 10pt; font-family: comic sans ms, sans-serif;\">im Ruheraum (gegen\u00fcber vom Putzraum)<\/span><\/p>\n","protected":false},"excerpt":{"rendered":"<p>Unsere Bibliothek wird von den Eltern organisiert und betreut. Es besteht die M\u00f6glichkeit Sachb\u00fccher zu Erziehungsfragen, B\u00fccher zur Waldorfp\u00e4dagogik und Anthroposophie sowie Bilderb\u00fccher, M\u00e4rchen- und Vorleseb\u00fccher auszuleihen. \u00d6ffnungszeiten:&#8230;<\/p>\n","protected":false},"author":4,"featured_media":0,"parent":31,"menu_order":0,"comment_status":"closed","ping_status":"closed","template":"","meta":{"footnotes":""},"class_list":["post-33","page","type-page","status-publish","hentry"],"_links":{"self":[{"href":"https:\/\/waldorfkindergarten-wedel.de\/index.php\/wp-json\/wp\/v2\/pages\/33","targetHints":{"allow":["GET"]}}],"collection":[{"href":"https:\/\/waldorfkindergarten-wedel.de\/index.php\/wp-json\/wp\/v2\/pages"}],"about":[{"href":"https:\/\/waldorfkindergarten-wedel.de\/index.php\/wp-json\/wp\/v2\/types\/page"}],"author":[{"embeddable":true,"href":"https:\/\/waldorfkindergarten-wedel.de\/index.php\/wp-json\/wp\/v2\/users\/4"}],"replies":[{"embeddable":true,"href":"https:\/\/waldorfkindergarten-wedel.de\/index.php\/wp-json\/wp\/v2\/comments?post=33"}],"version-history":[{"count":1,"href":"https:\/\/waldorfkindergarten-wedel.de\/index.php\/wp-json\/wp\/v2\/pages\/33\/revisions"}],"predecessor-version":[{"id":34,"href":"https:\/\/waldorfkindergarten-wedel.de\/index.php\/wp-json\/wp\/v2\/pages\/33\/revisions\/34"}],"up":[{"embeddable":true,"href":"https:\/\/waldorfkindergarten-wedel.de\/index.php\/wp-json\/wp\/v2\/pages\/31"}],"wp:attachment":[{"href":"https:\/\/waldorfkindergarten-wedel.de\/index.php\/wp-json\/wp\/v2\/media?parent=33"}],"curies":[{"name":"wp","href":"https:\/\/api.w.org\/{rel}","templated":true}]}}