{"id":370,"date":"2022-08-07T22:35:17","date_gmt":"2022-08-07T21:35:17","guid":{"rendered":"https:\/\/waldorfkindergarten-wedel.de\/?page_id=370"},"modified":"2022-08-07T22:35:17","modified_gmt":"2022-08-07T21:35:17","slug":"aufnahmekriterien","status":"publish","type":"page","link":"https:\/\/waldorfkindergarten-wedel.de\/index.php\/der-waldorfkindergarten\/aufnahmekriterien\/","title":{"rendered":"Aufnahmekriterien"},"content":{"rendered":"<p><span style=\"text-decoration: underline;\">Grunds\u00e4tze f\u00fcr die Aufnahme<\/span><\/p>\n<p>In unserer Einrichtung k\u00f6nnen alle an Waldorfp\u00e4dagogik und an unserem Konzept interessierte Familien ihre Kinder f\u00fcr das Alter von 3 Monaten bis zum Schuleintritt anmelden.<\/p>\n<p>Bei Interesse an einem Kindergartenplatz melden Sie Ihr Kind bitte \u00fcber das Kitaportal SH (<a href=\"http:\/\/www.kitaportal-sh.de\" target=\"_blank\" rel=\"noopener\">www.kitaportal-sh.de<\/a>) in unserem Kindergarten an.<\/p>\n<p><strong>Bitte beachten Sie bei Ihrer Anmeldung, dass Sie unseren Kindergarten als Erstwunsch-Einrichtung angeben, wenn Ihnen unser Konzept wichtig ist. Das Interesse an der Waldorfp\u00e4dagogik ist unser erstes Aufnahmekriterium.<\/strong><\/p>\n<p>Bei R\u00fcckfragen stehen wir Ihnen gerne telefonisch zur Verf\u00fcgung.<\/p>\n<p><strong>Viermal im Jahr bieten wir allen interessierten Eltern die zu einem Informationstermin in unserem Hause an. Die Termine entnehmen Sie bitte unserer Homepage (<a href=\"http:\/\/www.waldorfkindergarten-wedel.de\/index.php\/aktuelles\/jahresvorschau\/\" target=\"_blank\" rel=\"noopener\">www.waldorfkindergarten-wedel.de<\/a>).<\/strong> An diesem stellt das Kollegium die P\u00e4dagogik, ihre Arbeit und die Schwerpunkte des Kindergartens vor. Das Aufnahmeverfahren und die Aufnahmekriterien f\u00fcr das folgende Jahr werden erl\u00e4utert. Der gesamte Kindergarten kann besichtigt werden. Auch individuellen Fragen und Gespr\u00e4chen wird ein Raum einger\u00e4umt. Der Bedarf der Eltern wird konkretisiert und aktualisiert.<\/p>\n<p><span style=\"text-decoration: underline;\">Aufnahmekriterien Krippenbereich (U3) und Elementarbereich (\u00dc3)<\/span><\/p>\n<p>Im U3-Bereich werden Kinder zwischen dem 1. und 3. Lebensjahr in die Mondgruppe (5-Tage-Krippe) und zwischen dem 2. und 3. Lebensjahr in die Wichtelgruppe (3-Tage-Krippe) aufgenommen.<\/p>\n<p>In den Elementargruppen werden Kinder zwischen dem 3. Lebensjahr und Schuleintritt aufgenommen. Dabei ber\u00fccksichtigen wir die Anzahl der freigewordenen Pl\u00e4tze pro Jahrgang, um die Altersstruktur der Elementargruppen zu sichern.<\/p>\n<p>Aufnahmekriterien:<\/p>\n<p>&#8211; Wunsch der Eltern nach Waldorfp\u00e4dagogik (Erstwunsch-Einrichtung im KitaPortal)<br \/>\n&#8211; Geschwisterkinder in der Einrichtung<br \/>\n&#8211; Kind einer\/s Mitarbeiterin\/s; eines Vorstandsmitglieds<br \/>\n&#8211; Vorangegangene Gruppe in unserem Kindergarten<br \/>\n&#8211; Anmeldedatum auf der Warteliste<\/p>\n<p>Aufnahmekriterien Eltern-Kind-Gruppen<\/p>\n<p>In den Eltern-Kind-Gruppen werden Kinder im Alter von 3 Monaten bis 2 Jahren in Begleitung der Eltern aufgenommen.<\/p>\n<p><span style=\"text-decoration: underline;\">Zus\u00e4tzliche Aufnahmekriterien:<\/span><\/p>\n<p>&#8211; Geschwisterkinder in der Einrichtung<br \/>\n&#8211; Kind einer\/s Mitarbeiterin\/s; eines Vorstandsmitglieds<br \/>\n&#8211; Anmeldedatum auf der Warteliste<\/p>\n<p>Mit unseren Eltern-Kind-Gruppen bieten wir allen Eltern die fr\u00fche M\u00f6glichkeit des pers\u00f6nlichen Einblicks und Einstiegs in die Waldorfp\u00e4dagogik.<\/p>\n<p>F\u00fcr unsere Eltern-Kind-Gruppen melden Sie sich bitte telefonisch oder pers\u00f6nlich in unserem Kindergarten an.<\/p>\n<p><span style=\"text-decoration: underline;\">Allgemein:<\/span><\/p>\n<p>Soweit es m\u00f6glich ist, bem\u00fchen wir uns um eine ausgewogene Gruppenstruktur, die allen Kindern individuell zugutekommt. Wir achten bei der Zusammensetzung auf die Altersstufen und das Gleichgewicht zwischen den Geschlechtern.<\/p>\n<p>Wir behalten uns vor, Kinder aus famili\u00e4ren Notsituationen individuell au\u00dferhalb der Warteliste zu ber\u00fccksichtigen.<\/p>\n<p>Im Falle, dass die Anzahl der Anmeldungen die Anzahl der freien Pl\u00e4tze \u00fcbersteigt, werden Kinder mit Wohnsitz in Wedel vorrangig aufgenommen.<\/p>\n","protected":false},"excerpt":{"rendered":"<p>Grunds\u00e4tze f\u00fcr die Aufnahme In unserer Einrichtung k\u00f6nnen alle an Waldorfp\u00e4dagogik und an unserem Konzept interessierte Familien ihre Kinder f\u00fcr das Alter von 3 Monaten bis zum Schuleintritt&#8230;<\/p>\n","protected":false},"author":4,"featured_media":0,"parent":19,"menu_order":0,"comment_status":"closed","ping_status":"closed","template":"","meta":{"footnotes":""},"class_list":["post-370","page","type-page","status-publish","hentry"],"_links":{"self":[{"href":"https:\/\/waldorfkindergarten-wedel.de\/index.php\/wp-json\/wp\/v2\/pages\/370","targetHints":{"allow":["GET"]}}],"collection":[{"href":"https:\/\/waldorfkindergarten-wedel.de\/index.php\/wp-json\/wp\/v2\/pages"}],"about":[{"href":"https:\/\/waldorfkindergarten-wedel.de\/index.php\/wp-json\/wp\/v2\/types\/page"}],"author":[{"embeddable":true,"href":"https:\/\/waldorfkindergarten-wedel.de\/index.php\/wp-json\/wp\/v2\/users\/4"}],"replies":[{"embeddable":true,"href":"https:\/\/waldorfkindergarten-wedel.de\/index.php\/wp-json\/wp\/v2\/comments?post=370"}],"version-history":[{"count":9,"href":"https:\/\/waldorfkindergarten-wedel.de\/index.php\/wp-json\/wp\/v2\/pages\/370\/revisions"}],"predecessor-version":[{"id":379,"href":"https:\/\/waldorfkindergarten-wedel.de\/index.php\/wp-json\/wp\/v2\/pages\/370\/revisions\/379"}],"up":[{"embeddable":true,"href":"https:\/\/waldorfkindergarten-wedel.de\/index.php\/wp-json\/wp\/v2\/pages\/19"}],"wp:attachment":[{"href":"https:\/\/waldorfkindergarten-wedel.de\/index.php\/wp-json\/wp\/v2\/media?parent=370"}],"curies":[{"name":"wp","href":"https:\/\/api.w.org\/{rel}","templated":true}]}}