{"id":47,"date":"2018-09-06T11:52:06","date_gmt":"2018-09-06T11:52:06","guid":{"rendered":"https:\/\/waldorfkindergarten-wedel.de\/?page_id=47"},"modified":"2018-09-28T09:39:23","modified_gmt":"2018-09-28T09:39:23","slug":"unser-verein","status":"publish","type":"page","link":"https:\/\/waldorfkindergarten-wedel.de\/index.php\/unser-verein\/","title":{"rendered":"Unser Verein"},"content":{"rendered":"<p><span style=\"font-size: 10pt; font-family: comic sans ms, sans-serif;\">1992 wurde der Verein &#8222;Waldorfp\u00e4dagogik in Wedel e.V.&#8220; gegr\u00fcndet; damals noch &#8222;Verein zur F\u00f6rderung von Kindern und Jugendlichen im Sinne der Waldorfp\u00e4dagogik Wedel e.V.&#8220; genannt. Es ist ein gemeinn\u00fctziger Verein. Er wurde mit dem Willen ins Leben gerufen, einen Waldorfkindergarten in Wedel aufzubauen.<\/span><\/p>\n<p><span style=\"font-size: 10pt; font-family: comic sans ms, sans-serif;\">Der Verein als Gr\u00fcnder des Kindergartens ist weiterhin sein Tr\u00e4ger und\u00a0\u00fcbernimmt in der Regel Aufgaben mit mittel- und langfristiger Zielsetzung. Er h\u00e4lt unter anderem die erforderlichen finanziellen Reserven bereit, um Defizite des Kindergartens auszugleichen,\u00a0Bauma\u00dfnahmen zu finanzieren,\u00a0Eltern und P\u00e4dagogen zu schulen und die Weiterentwicklung der Waldorfp\u00e4dagogik zu f\u00f6rdern.<\/span><\/p>\n<p>&nbsp;<\/p>\n","protected":false},"excerpt":{"rendered":"<p>1992 wurde der Verein &#8222;Waldorfp\u00e4dagogik in Wedel e.V.&#8220; gegr\u00fcndet; damals noch &#8222;Verein zur F\u00f6rderung von Kindern und Jugendlichen im Sinne der Waldorfp\u00e4dagogik Wedel e.V.&#8220; genannt. Es ist ein&#8230;<\/p>\n","protected":false},"author":4,"featured_media":0,"parent":0,"menu_order":0,"comment_status":"closed","ping_status":"closed","template":"","meta":{"footnotes":""},"class_list":["post-47","page","type-page","status-publish","hentry"],"_links":{"self":[{"href":"https:\/\/waldorfkindergarten-wedel.de\/index.php\/wp-json\/wp\/v2\/pages\/47","targetHints":{"allow":["GET"]}}],"collection":[{"href":"https:\/\/waldorfkindergarten-wedel.de\/index.php\/wp-json\/wp\/v2\/pages"}],"about":[{"href":"https:\/\/waldorfkindergarten-wedel.de\/index.php\/wp-json\/wp\/v2\/types\/page"}],"author":[{"embeddable":true,"href":"https:\/\/waldorfkindergarten-wedel.de\/index.php\/wp-json\/wp\/v2\/users\/4"}],"replies":[{"embeddable":true,"href":"https:\/\/waldorfkindergarten-wedel.de\/index.php\/wp-json\/wp\/v2\/comments?post=47"}],"version-history":[{"count":3,"href":"https:\/\/waldorfkindergarten-wedel.de\/index.php\/wp-json\/wp\/v2\/pages\/47\/revisions"}],"predecessor-version":[{"id":150,"href":"https:\/\/waldorfkindergarten-wedel.de\/index.php\/wp-json\/wp\/v2\/pages\/47\/revisions\/150"}],"wp:attachment":[{"href":"https:\/\/waldorfkindergarten-wedel.de\/index.php\/wp-json\/wp\/v2\/media?parent=47"}],"curies":[{"name":"wp","href":"https:\/\/api.w.org\/{rel}","templated":true}]}}