{"id":49,"date":"2018-09-06T11:52:33","date_gmt":"2018-09-06T11:52:33","guid":{"rendered":"https:\/\/waldorfkindergarten-wedel.de\/?page_id=49"},"modified":"2018-09-28T09:41:24","modified_gmt":"2018-09-28T09:41:24","slug":"mitglieder","status":"publish","type":"page","link":"https:\/\/waldorfkindergarten-wedel.de\/index.php\/unser-verein\/mitglieder\/","title":{"rendered":"Mitglieder"},"content":{"rendered":"<p class=\"fett\"><span style=\"font-size: 10pt; font-family: comic sans ms, sans-serif;\">Mitgliedschaft<\/span><\/p>\n<p class=\"system-pagebreak\"><span style=\"font-size: 10pt; font-family: comic sans ms, sans-serif;\">Eine Mitgliedschaft der Eltern im Tr\u00e4gerverein ist nicht verpflichtend, jedoch durchaus w\u00fcnschenswert, um die Zukunft des Kindergartens zu sichern. Denn eins ist klar: unser Kindergarten ist ein Elternkindergarten, der vom Engagement der Mitarbeit und nicht zuletzt der <span class=\"system-pagebreak\">finanziellen Unterst\u00fctzung der Eltern lebt. Jeder Beitrag von Elternseite ist wichtig, damit unsere Kinder f\u00fcrsorglich und kompetent nach den Ideen Rudolf Steiners betreut werden k\u00f6nnen.\u00a0<\/span><\/span><\/p>\n<p><span style=\"font-size: 10pt; font-family: comic sans ms, sans-serif;\">Jeder, der sich mit der Idee der Waldorfp\u00e4dagogik in Wedel verbindet, ist bei uns herzlich willkommen. Er\/Sie muss kein in unserem Kindergarten betreutes Kind haben, um Mitglied werden zu k\u00f6nnen!<\/span><\/p>\n<p>&nbsp;<\/p>\n<p><span style=\"font-size: 10pt; font-family: comic sans ms, sans-serif;\">Bei Fragen zum Thema Tr\u00e4gerverein stehen wir ihnen gern zur Verf\u00fcgung.<\/span><\/p>\n","protected":false},"excerpt":{"rendered":"<p>Mitgliedschaft Eine Mitgliedschaft der Eltern im Tr\u00e4gerverein ist nicht verpflichtend, jedoch durchaus w\u00fcnschenswert, um die Zukunft des Kindergartens zu sichern. Denn eins ist klar: unser Kindergarten ist ein&#8230;<\/p>\n","protected":false},"author":4,"featured_media":0,"parent":47,"menu_order":0,"comment_status":"closed","ping_status":"closed","template":"","meta":{"footnotes":""},"class_list":["post-49","page","type-page","status-publish","hentry"],"_links":{"self":[{"href":"https:\/\/waldorfkindergarten-wedel.de\/index.php\/wp-json\/wp\/v2\/pages\/49","targetHints":{"allow":["GET"]}}],"collection":[{"href":"https:\/\/waldorfkindergarten-wedel.de\/index.php\/wp-json\/wp\/v2\/pages"}],"about":[{"href":"https:\/\/waldorfkindergarten-wedel.de\/index.php\/wp-json\/wp\/v2\/types\/page"}],"author":[{"embeddable":true,"href":"https:\/\/waldorfkindergarten-wedel.de\/index.php\/wp-json\/wp\/v2\/users\/4"}],"replies":[{"embeddable":true,"href":"https:\/\/waldorfkindergarten-wedel.de\/index.php\/wp-json\/wp\/v2\/comments?post=49"}],"version-history":[{"count":2,"href":"https:\/\/waldorfkindergarten-wedel.de\/index.php\/wp-json\/wp\/v2\/pages\/49\/revisions"}],"predecessor-version":[{"id":151,"href":"https:\/\/waldorfkindergarten-wedel.de\/index.php\/wp-json\/wp\/v2\/pages\/49\/revisions\/151"}],"up":[{"embeddable":true,"href":"https:\/\/waldorfkindergarten-wedel.de\/index.php\/wp-json\/wp\/v2\/pages\/47"}],"wp:attachment":[{"href":"https:\/\/waldorfkindergarten-wedel.de\/index.php\/wp-json\/wp\/v2\/media?parent=49"}],"curies":[{"name":"wp","href":"https:\/\/api.w.org\/{rel}","templated":true}]}}